{"id":47508,"date":"2026-02-04T10:44:58","date_gmt":"2026-02-04T16:44:58","guid":{"rendered":"https:\/\/www.gambyl.com\/?page_id=47508"},"modified":"2026-02-04T11:24:29","modified_gmt":"2026-02-04T17:24:29","slug":"anuncio","status":"publish","type":"page","link":"https:\/\/www.gambyl.com\/pt\/anuncio\/","title":{"rendered":"An\u00fancio"},"content":{"rendered":"<div data-elementor-type=\"wp-page\" data-elementor-id=\"47508\" class=\"elementor elementor-47508\" data-elementor-post-type=\"page\">\n\t\t\t\t<div class=\"elementor-element elementor-element-f4d440f e-flex e-con-boxed e-con e-parent\" data-id=\"f4d440f\" data-element_type=\"container\" data-e-type=\"container\">\n\t\t\t\t\t<div class=\"e-con-inner\">\n\t\t\t\t<div class=\"elementor-element elementor-element-47e7083 elementor-widget elementor-widget-heading\" data-id=\"47e7083\" data-element_type=\"widget\" data-e-type=\"widget\" data-widget_type=\"heading.default\">\n\t\t\t\t<div class=\"elementor-widget-container\">\n\t\t\t\t\t<h1 class=\"elementor-heading-title elementor-size-default\">Concluindo o Cap\u00edtulo sobre a Bolsa Internacional de Apostas Esportivas<\/h1>\t\t\t\t<\/div>\n\t\t\t\t<\/div>\n\t\t\t\t\t<\/div>\n\t\t\t\t<\/div>\n\t\t<div class=\"elementor-element elementor-element-4c700bd e-flex e-con-boxed e-con e-parent\" data-id=\"4c700bd\" data-element_type=\"container\" data-e-type=\"container\">\n\t\t\t\t\t<div class=\"e-con-inner\">\n\t\t\t\t<div class=\"elementor-element elementor-element-28573bd elementor-widget elementor-widget-text-editor\" data-id=\"28573bd\" data-element_type=\"widget\" data-e-type=\"widget\" data-widget_type=\"text-editor.default\">\n\t\t\t\t<div class=\"elementor-widget-container\">\n\t\t\t\t\t\t\t\t\t<p data-start=\"220\" data-end=\"325\"><strong data-start=\"220\" data-end=\"250\">Na quinta-feira, 5 de fevereiro<\/strong>, o Gambyl International Sports Exchange \u00e9 <strong data-start=\"289\" data-end=\"324\">n\u00e3o est\u00e1 mais acess\u00edvel aos jogadores<\/strong>.<\/p><p data-start=\"327\" data-end=\"579\">Todas as contas e saldos de c\u00e2mbio existentes est\u00e3o sendo <strong data-start=\"381\" data-end=\"430\">resolvido de forma ordenada e transparente<\/strong>. Nossa equipe de suporte est\u00e1 gerenciando ativamente esse processo e trabalhar\u00e1 diretamente com os usu\u00e1rios afetados para garantir que todos os assuntos relacionados \u00e0 conta sejam resolvidos adequadamente.<\/p><p data-start=\"581\" data-end=\"809\">A seguran\u00e7a dos fundos dos jogadores e a integridade das contas continuam sendo prioridade. Quando alguma a\u00e7\u00e3o for necess\u00e1ria, os usu\u00e1rios receber\u00e3o comunica\u00e7\u00e3o clara e assist\u00eancia direta da nossa equipe de suporte ao cliente. Essa transi\u00e7\u00e3o est\u00e1 sendo conduzida com cuidado, transpar\u00eancia e responsabilidade.<\/p>\t\t\t\t\t\t\t\t<\/div>\n\t\t\t\t<\/div>\n\t\t\t\t\t<\/div>\n\t\t\t\t<\/div>\n\t\t<div class=\"elementor-element elementor-element-45509fe e-flex e-con-boxed e-con e-parent\" data-id=\"45509fe\" data-element_type=\"container\" data-e-type=\"container\">\n\t\t\t\t\t<div class=\"e-con-inner\">\n\t\t\t\t<div class=\"elementor-element elementor-element-3bc9a36 elementor-button-warning elementor-align-center elementor-widget elementor-widget-button\" data-id=\"3bc9a36\" data-element_type=\"widget\" data-e-type=\"widget\" data-widget_type=\"button.default\">\n\t\t\t\t<div class=\"elementor-widget-container\">\n\t\t\t\t\t\t\t\t\t<div class=\"elementor-button-wrapper\">\n\t\t\t\t\t<a class=\"elementor-button elementor-button-link elementor-size-sm\" href=\"https:\/\/help.gambyl.com\/en\/support\/tickets\/new?utm_source=announcement&#038;utm_medium=button&#038;utm_campaign=support&#038;utm_id=2026\">\n\t\t\t\t\t\t<span class=\"elementor-button-content-wrapper\">\n\t\t\t\t\t\t\t\t\t<span class=\"elementor-button-text\">Contate o Suporte ao Cliente<\/span>\n\t\t\t\t\t<\/span>\n\t\t\t\t\t<\/a>\n\t\t\t\t<\/div>\n\t\t\t\t\t\t\t\t<\/div>\n\t\t\t\t<\/div>\n\t\t\t\t<div class=\"elementor-element elementor-element-5160f9c elementor-widget elementor-widget-text-editor\" data-id=\"5160f9c\" data-element_type=\"widget\" data-e-type=\"widget\" data-widget_type=\"text-editor.default\">\n\t\t\t\t<div class=\"elementor-widget-container\">\n\t\t\t\t\t\t\t\t\t<p data-start=\"235\" data-end=\"319\">\u00a0<\/p><p data-start=\"235\" data-end=\"319\">A Gambyl International Sports Betting Exchange representa uma <strong data-start=\"282\" data-end=\"303\">cap\u00edtulo conclu\u00eddo<\/strong> em nossa jornada.<\/p><p data-start=\"321\" data-end=\"572\">A plataforma foi constru\u00edda com um prop\u00f3sito. Seguiu o modelo tradicional de apostas a favor e contra e utilizou ferramentas de n\u00edvel empresarial para testar apostas ponto a ponto em escala global. Esse cap\u00edtulo entregou exatamente o que se prop\u00f4s a entregar: <strong data-start=\"559\" data-end=\"571\">aprendizado<\/strong>.<\/p><p data-start=\"574\" data-end=\"985\">Operar a Bolsa de Apostas nos proporcionou uma vis\u00e3o clara de como jogadores como voc\u00ea interagem com apostas ponto a ponto. Embora o modelo de apostas a favor e contra tenha definido as primeiras bolsas de apostas, ele n\u00e3o \u00e9 a experi\u00eancia mais intuitiva ou empolgante para os jogadores modernos. Tamb\u00e9m aprendemos que plataformas corporativas e infraestruturas com forte componente blockchain introduzem custos e complexidade que atrasam a itera\u00e7\u00e3o e desviam o foco da experi\u00eancia do produto.<\/p><p data-start=\"987\" data-end=\"1023\">Essas li\u00e7\u00f5es moldam o que vem a seguir.<\/p><p data-start=\"1025\" data-end=\"1318\">Em vez de tratar a Bolsa como um destino permanente, estamos intencionalmente encerrando este cap\u00edtulo. <strong data-start=\"1132\" data-end=\"1153\">agu\u00e7ar nosso foco<\/strong>. A Gambyl est\u00e1 evoluindo para um ecossistema mais enxuto e \u00e1gil, constru\u00eddo em torno de velocidade, simplicidade e entretenimento, aplicando tudo o que aprendemos com a Exchange.<\/p><p data-start=\"1320\" data-end=\"1404\">Isto n\u00e3o \u00e9 uma paralisa\u00e7\u00e3o.<br data-start=\"1343\" data-end=\"1346\" \/>Isto n\u00e3o \u00e9 uma pausa.<br data-start=\"1366\" data-end=\"1369\" \/>Trata-se de uma mudan\u00e7a deliberada para a frente.<\/p><p data-start=\"1406\" data-end=\"1561\">Para os jogadores, esse foco continua com <strong data-start=\"1445\" data-end=\"1462\"><a href=\"https:\/\/casino.gambyl.com\">Cassino Gambyl<\/a><\/strong>, onde podemos agir com mais rapidez e oferecer experi\u00eancias que se adequem melhor \u00e0 forma como a nossa comunidade joga hoje.<\/p><p data-start=\"1563\" data-end=\"1684\">Para a Gambyl como marca, isso marca o in\u00edcio de uma fase mais criativa e \u00e1gil. Mesma comunidade. Mesma equipe. Foco mais claro.<\/p><p data-start=\"1686\" data-end=\"1768\">A Bolsa cumpriu sua fun\u00e7\u00e3o.<br data-start=\"1711\" data-end=\"1714\" \/>As bases est\u00e3o estabelecidas.<br data-start=\"1736\" data-end=\"1739\" \/>Agora vamos construir o que vem a seguir.<\/p><p data-start=\"1805\" data-end=\"1950\"><a href=\"https:\/\/casino.gambyl.com\"><b>Cassino Gambyl<\/b><\/a> agora est\u00e1 aberto para <strong data-start=\"1834\" data-end=\"1856\">todos os usu\u00e1rios eleg\u00edveis<\/strong>, proporcionando jogabilidade mais r\u00e1pida, uma gama mais ampla de experi\u00eancias e uma experi\u00eancia geral mais fluida.<\/p><p data-start=\"1952\" data-end=\"2188\">Para agradecer aos jogadores que ajudaram a moldar Gambyl desde o in\u00edcio, tamb\u00e9m estamos lan\u00e7ando <strong data-start=\"2040\" data-end=\"2082\">Ofertas especiais para nossos clientes fi\u00e9is.<\/strong>. Essas iniciativas visam recompensar a participa\u00e7\u00e3o, o apoio e a confian\u00e7a \u00e0 medida que avan\u00e7amos juntos para esta pr\u00f3xima fase.<\/p><p data-start=\"2190\" data-end=\"2325\">Essa transi\u00e7\u00e3o visa priorizar os jogadores.<br data-start=\"2237\" data-end=\"2240\" \/>Experi\u00eancias mais claras. Maior dinamismo. Constru\u00eddo em torno da comunidade j\u00e1 existente.<\/p>\t\t\t\t\t\t\t\t<\/div>\n\t\t\t\t<\/div>\n\t\t\t\t\t<\/div>\n\t\t\t\t<\/div>\n\t\t\t\t<\/div>","protected":false},"excerpt":{"rendered":"<p>Completing the International Sports Betting Exchange Chapter As of Thursday, February 5, the Gambyl International Sports Exchange is no longer accessible to players. All existing exchange accounts and balances are being resolved in an orderly and transparent manner. Our support team is actively managing this process and will work directly with affected users to ensure [&hellip;]<\/p>","protected":false},"author":1,"featured_media":0,"parent":0,"menu_order":0,"comment_status":"closed","ping_status":"closed","template":"","meta":{"om_disable_all_campaigns":false,"_lmt_disableupdate":"no","_lmt_disable":"","footnotes":"","_wpscp_schedule_draft_date":"","_wpscp_schedule_republish_date":"","_wpscppro_advance_schedule":false,"_wpscppro_advance_schedule_date":"","_wpscppro_dont_share_socialmedia":false,"_wpscppro_custom_social_share_image":0,"_facebook_share_type":"default","_twitter_share_type":"default","_linkedin_share_type":"default","_pinterest_share_type":"default","_linkedin_share_type_page":"","_instagram_share_type":"default","_medium_share_type":"default","_threads_share_type":"default","_google_business_share_type":"default","_selected_social_profile":[],"_wpsp_enable_custom_social_template":false,"_wpsp_social_scheduling":{"enabled":false,"datetime":null,"platforms":[],"status":"template_only","dateOption":"today","timeOption":"now","customDays":"","customHours":"","customDate":"","customTime":"","schedulingType":"absolute"},"_wpsp_active_default_template":true},"class_list":["post-47508","page","type-page","status-publish","hentry"],"aioseo_notices":[],"aioseo_head":"\n\t\t<!-- All in One SEO Pro 4.9.6.2 - aioseo.com -->\n\t<meta name=\"description\" content=\"Completing the International Sports Betting Exchange Chapter As of Thursday, February 5, the Gambyl International Sports Exchange is no longer accessible to players.All existing exchange accounts and balances are being resolved in an orderly and transparent manner. Our support team is actively managing this process and will work directly with affected users to ensure all\" \/>\n\t<meta name=\"robots\" content=\"max-image-preview:large\" \/>\n\t<meta name=\"google-site-verification\" content=\"g4nMgEUwH_EUeAHO1on7tJ8dc_UVEdTvD7NXvjDBtYI\" \/>\n\t<meta name=\"msvalidate.01\" content=\"11AACE468E54A2AFF018B9903D7E59EC\" \/>\n\t<meta name=\"p:domain_verify\" content=\"2dd0267387e90e116bf3240265818d71\" \/>\n\t<meta name=\"yandex-verification\" content=\"07d0c340775b3ea0\" \/>\n\t<link rel=\"canonical\" href=\"https:\/\/www.gambyl.com\/pt\/anuncio\/\" \/>\n\t<meta name=\"generator\" content=\"All in One SEO Pro (AIOSEO) 4.9.6.2\" \/>\n\t\t<meta property=\"og:locale\" content=\"pt_PT\" \/>\n\t\t<meta property=\"og:site_name\" content=\"Gambyl Sports Betting Exchange - Bet on Sports Where The House Never Wins\" \/>\n\t\t<meta property=\"og:type\" content=\"article\" \/>\n\t\t<meta property=\"og:title\" content=\"Announcement - Gambyl Sports Betting Exchange\" \/>\n\t\t<meta property=\"og:description\" content=\"Completing the International Sports Betting Exchange Chapter As of Thursday, February 5, the Gambyl International Sports Exchange is no longer accessible to players.All existing exchange accounts and balances are being resolved in an orderly and transparent manner. Our support team is actively managing this process and will work directly with affected users to ensure all\" \/>\n\t\t<meta property=\"og:url\" content=\"https:\/\/www.gambyl.com\/pt\/anuncio\/\" \/>\n\t\t<meta property=\"og:image\" content=\"https:\/\/www.gambyl.com\/wp-content\/uploads\/2021\/01\/gambyl_logo.png\" \/>\n\t\t<meta property=\"og:image:secure_url\" content=\"https:\/\/www.gambyl.com\/wp-content\/uploads\/2021\/01\/gambyl_logo.png\" \/>\n\t\t<meta property=\"og:image:width\" content=\"400\" \/>\n\t\t<meta property=\"og:image:height\" content=\"400\" \/>\n\t\t<meta property=\"article:published_time\" content=\"2026-02-04T16:44:58+00:00\" \/>\n\t\t<meta property=\"article:modified_time\" content=\"2026-02-04T17:24:29+00:00\" \/>\n\t\t<meta property=\"article:publisher\" content=\"https:\/\/facebook.com\/realgambyl\/\" \/>\n\t\t<meta name=\"twitter:card\" content=\"summary_large_image\" \/>\n\t\t<meta name=\"twitter:site\" content=\"@realgambyl\" \/>\n\t\t<meta name=\"twitter:title\" content=\"Announcement - Gambyl Sports Betting Exchange\" \/>\n\t\t<meta name=\"twitter:description\" content=\"Completing the International Sports Betting Exchange Chapter As of Thursday, February 5, the Gambyl International Sports Exchange is no longer accessible to players.All existing exchange accounts and balances are being resolved in an orderly and transparent manner. Our support team is actively managing this process and will work directly with affected users to ensure all\" \/>\n\t\t<meta name=\"twitter:creator\" content=\"@realgambyl\" \/>\n\t\t<meta name=\"twitter:image\" content=\"https:\/\/new.gambyl.com\/wp-content\/uploads\/2021\/01\/gambyl_logo.png\" \/>\n\t\t<script type=\"application\/ld+json\" class=\"aioseo-schema\">{\"@context\":\"https:\\\/\\\/schema.org\",\"@graph\":[{\"@type\":\"BreadcrumbList\",\"@id\":\"https:\\\/\\\/www.gambyl.com\\\/pt\\\/anuncio\\\/#breadcrumblist\",\"itemListElement\":[{\"@type\":\"ListItem\",\"@id\":\"https:\\\/\\\/www.gambyl.com\\\/pt\\\/#listItem\",\"position\":1,\"name\":\"Home\",\"item\":\"https:\\\/\\\/www.gambyl.com\\\/pt\\\/\",\"nextItem\":{\"@type\":\"ListItem\",\"@id\":\"https:\\\/\\\/www.gambyl.com\\\/pt\\\/anuncio\\\/#listItem\",\"name\":\"Announcement\"}},{\"@type\":\"ListItem\",\"@id\":\"https:\\\/\\\/www.gambyl.com\\\/pt\\\/anuncio\\\/#listItem\",\"position\":2,\"name\":\"Announcement\",\"previousItem\":{\"@type\":\"ListItem\",\"@id\":\"https:\\\/\\\/www.gambyl.com\\\/pt\\\/#listItem\",\"name\":\"Home\"}}]},{\"@type\":\"Organization\",\"@id\":\"https:\\\/\\\/www.gambyl.com\\\/pt\\\/#organization\",\"name\":\"Gambyl Sports Betting Exchange\",\"description\":\"Bet on Sports Where The House Never Wins\",\"url\":\"https:\\\/\\\/www.gambyl.com\\\/pt\\\/\",\"email\":\"hola@gambyl.com\",\"telephone\":\"+19012059469\",\"foundingDate\":\"2022-06-01\",\"logo\":{\"@type\":\"ImageObject\",\"url\":\"https:\\\/\\\/cdn.shortpixel.ai\\\/spai\\\/q_lossless+ret_img+to_webp\\\/www.gambyl.com\\\/wp-content\\\/uploads\\\/2021\\\/01\\\/cropped-gambyl_logo.jpg\",\"@id\":\"https:\\\/\\\/www.gambyl.com\\\/pt\\\/anuncio\\\/#organizationLogo\",\"width\":512,\"height\":512,\"caption\":\"Gambyl Thumbnail Logo Purple\"},\"image\":{\"@id\":\"https:\\\/\\\/www.gambyl.com\\\/pt\\\/anuncio\\\/#organizationLogo\"},\"sameAs\":[\"https:\\\/\\\/facebook.com\\\/realgambyl\\\/\",\"https:\\\/\\\/twitter.com\\\/realgambyl\\\/\",\"https:\\\/\\\/instagram.com\\\/realgambyl_es\\\/\",\"https:\\\/\\\/tiktok.com\\\/@realgambyl\",\"https:\\\/\\\/www.pinterest.ca\\\/realgambyl\\\/\",\"https:\\\/\\\/www.youtube.com\\\/channel\\\/UC7DMuQpsBQaIsDhTcGQt-Ow\",\"https:\\\/\\\/reddit.com\\\/r\\\/gambyl\",\"https:\\\/\\\/discord.gg\\\/dZewkvMNgx\"]},{\"@type\":\"WebPage\",\"@id\":\"https:\\\/\\\/www.gambyl.com\\\/pt\\\/anuncio\\\/#webpage\",\"url\":\"https:\\\/\\\/www.gambyl.com\\\/pt\\\/anuncio\\\/\",\"name\":\"Announcement - Gambyl Sports Betting Exchange\",\"description\":\"Completing the International Sports Betting Exchange Chapter As of Thursday, February 5, the Gambyl International Sports Exchange is no longer accessible to players.All existing exchange accounts and balances are being resolved in an orderly and transparent manner. Our support team is actively managing this process and will work directly with affected users to ensure all\",\"inLanguage\":\"pt-PT\",\"isPartOf\":{\"@id\":\"https:\\\/\\\/www.gambyl.com\\\/pt\\\/#website\"},\"breadcrumb\":{\"@id\":\"https:\\\/\\\/www.gambyl.com\\\/pt\\\/anuncio\\\/#breadcrumblist\"},\"datePublished\":\"2026-02-04T10:44:58-06:00\",\"dateModified\":\"2026-02-04T11:24:29-06:00\"},{\"@type\":\"WebSite\",\"@id\":\"https:\\\/\\\/www.gambyl.com\\\/pt\\\/#website\",\"url\":\"https:\\\/\\\/www.gambyl.com\\\/pt\\\/\",\"name\":\"Gambyl Sports Betting Exchange\",\"alternateName\":\"Gambyl Sports\",\"description\":\"Bet on Sports Where The House Never Wins\",\"inLanguage\":\"pt-PT\",\"publisher\":{\"@id\":\"https:\\\/\\\/www.gambyl.com\\\/pt\\\/#organization\"}}]}<\/script>\n\t\t<script type=\"text\/javascript\">\n\t\t\t(function(c,l,a,r,i,t,y){\n\t\t\tc[a]=c[a]||function(){(c[a].q=c[a].q||[]).push(arguments)};t=l.createElement(r);t.async=1;\n\t\t\tt.src=\"https:\/\/www.clarity.ms\/tag\/\"+i+\"?ref=aioseo\";y=l.getElementsByTagName(r)[0];y.parentNode.insertBefore(t,y);\n\t\t})(window, document, \"clarity\", \"script\", \"hxcfb9ve51\");\n\t\t<\/script>\n\t\t<!-- All in One SEO Pro -->\r\n\t\t<title>Announcement - Gambyl Sports Betting Exchange<\/title>\n\n","aioseo_head_json":{"title":"An\u00fancio - Bolsa de Apostas Esportivas Gambyl","description":"Conclus\u00e3o do Cap\u00edtulo da Bolsa Internacional de Apostas Esportivas: A partir de quinta-feira, 5 de fevereiro, a Bolsa Internacional de Apostas Esportivas da Gambyl n\u00e3o estar\u00e1 mais acess\u00edvel aos jogadores. Todas as contas e saldos existentes na bolsa est\u00e3o sendo resolvidos de forma organizada e transparente. Nossa equipe de suporte est\u00e1 gerenciando ativamente esse processo e trabalhar\u00e1 diretamente com os usu\u00e1rios afetados para garantir que todos estejam seguros.","canonical_url":"https:\/\/www.gambyl.com\/pt\/anuncio\/","robots":"max-image-preview:large","keywords":"","webmasterTools":{"google-site-verification":"g4nMgEUwH_EUeAHO1on7tJ8dc_UVEdTvD7NXvjDBtYI","msvalidate.01":"11AACE468E54A2AFF018B9903D7E59EC","p:domain_verify":"2dd0267387e90e116bf3240265818d71","yandex-verification":"07d0c340775b3ea0","miscellaneous":""},"schema":{"@context":"https:\/\/schema.org","@graph":[{"@type":"BreadcrumbList","@id":"https:\/\/www.gambyl.com\/pt\/anuncio\/#breadcrumblist","itemListElement":[{"@type":"ListItem","@id":"https:\/\/www.gambyl.com\/pt\/#listItem","position":1,"name":"Home","item":"https:\/\/www.gambyl.com\/pt\/","nextItem":{"@type":"ListItem","@id":"https:\/\/www.gambyl.com\/pt\/anuncio\/#listItem","name":"Announcement"}},{"@type":"ListItem","@id":"https:\/\/www.gambyl.com\/pt\/anuncio\/#listItem","position":2,"name":"Announcement","previousItem":{"@type":"ListItem","@id":"https:\/\/www.gambyl.com\/pt\/#listItem","name":"Home"}}]},{"@type":"Organization","@id":"https:\/\/www.gambyl.com\/pt\/#organization","name":"Gambyl Sports Betting Exchange","description":"Bet on Sports Where The House Never Wins","url":"https:\/\/www.gambyl.com\/pt\/","email":"hola@gambyl.com","telephone":"+19012059469","foundingDate":"2022-06-01","logo":{"@type":"ImageObject","url":"data:image\/svg+xml;base64,PHN2ZyB4bWxucz0iaHR0cDovL3d3dy53My5vcmcvMjAwMC9zdmciIHZpZXdCb3g9IjAgMCA1MTIgNTEyIiB3aWR0aD0iNTEyIiBoZWlnaHQ9IjUxMiIgZGF0YS11PSJodHRwcyUzQSUyRiUyRnd3dy5nYW1ieWwuY29tJTJGd3AtY29udGVudCUyRnVwbG9hZHMlMkYyMDIxJTJGMDElMkZjcm9wcGVkLWdhbWJ5bF9sb2dvLmpwZyIgZGF0YS13PSI1MTIiIGRhdGEtaD0iNTEyIiBkYXRhLWJpcD0iIj48L3N2Zz4=","@id":"https:\/\/www.gambyl.com\/pt\/anuncio\/#organizationLogo","width":512,"height":512,"caption":"Gambyl Thumbnail Logo Purple"},"image":{"@id":"https:\/\/www.gambyl.com\/pt\/anuncio\/#organizationLogo"},"sameAs":["https:\/\/facebook.com\/realgambyl\/","https:\/\/twitter.com\/realgambyl\/","https:\/\/instagram.com\/realgambyl_es\/","https:\/\/tiktok.com\/@realgambyl","https:\/\/www.pinterest.ca\/realgambyl\/","https:\/\/www.youtube.com\/channel\/UC7DMuQpsBQaIsDhTcGQt-Ow","https:\/\/reddit.com\/r\/gambyl","https:\/\/discord.gg\/dZewkvMNgx"]},{"@type":"WebPage","@id":"https:\/\/www.gambyl.com\/pt\/anuncio\/#webpage","url":"https:\/\/www.gambyl.com\/pt\/anuncio\/","name":"Announcement - Gambyl Sports Betting Exchange","description":"Completing the International Sports Betting Exchange Chapter As of Thursday, February 5, the Gambyl International Sports Exchange is no longer accessible to players.All existing exchange accounts and balances are being resolved in an orderly and transparent manner. Our support team is actively managing this process and will work directly with affected users to ensure all","inLanguage":"pt-PT","isPartOf":{"@id":"https:\/\/www.gambyl.com\/pt\/#website"},"breadcrumb":{"@id":"https:\/\/www.gambyl.com\/pt\/anuncio\/#breadcrumblist"},"datePublished":"2026-02-04T10:44:58-06:00","dateModified":"2026-02-04T11:24:29-06:00"},{"@type":"WebSite","@id":"https:\/\/www.gambyl.com\/pt\/#website","url":"https:\/\/www.gambyl.com\/pt\/","name":"Gambyl Sports Betting Exchange","alternateName":"Gambyl Sports","description":"Bet on Sports Where The House Never Wins","inLanguage":"pt-PT","publisher":{"@id":"https:\/\/www.gambyl.com\/pt\/#organization"}}]},"og:locale":"pt_PT","og:site_name":"Gambyl Sports Betting Exchange - Bet on Sports Where The House Never Wins","og:type":"article","og:title":"Announcement - Gambyl Sports Betting Exchange","og:description":"Completing the International Sports Betting Exchange Chapter As of Thursday, February 5, the Gambyl International Sports Exchange is no longer accessible to players.All existing exchange accounts and balances are being resolved in an orderly and transparent manner. Our support team is actively managing this process and will work directly with affected users to ensure all","og:url":"https:\/\/www.gambyl.com\/pt\/anuncio\/","og:image":"data:image\/svg+xml;base64,PHN2ZyB4bWxucz0iaHR0cDovL3d3dy53My5vcmcvMjAwMC9zdmciIHZpZXdCb3g9IjAgMCAxIDEiIHdpZHRoPSIxIiBoZWlnaHQ9IjEiIGRhdGEtdT0iaHR0cHMlM0ElMkYlMkZ3d3cuZ2FtYnlsLmNvbSUyRndwLWNvbnRlbnQlMkZ1cGxvYWRzJTJGMjAyMSUyRjAxJTJGZ2FtYnlsX2xvZ28ucG5nIiBkYXRhLXc9IjEiIGRhdGEtaD0iMSIgZGF0YS1iaXA9IiI+PC9zdmc+","og:image:secure_url":"data:image\/svg+xml;base64,PHN2ZyB4bWxucz0iaHR0cDovL3d3dy53My5vcmcvMjAwMC9zdmciIHZpZXdCb3g9IjAgMCAxIDEiIHdpZHRoPSIxIiBoZWlnaHQ9IjEiIGRhdGEtdT0iaHR0cHMlM0ElMkYlMkZ3d3cuZ2FtYnlsLmNvbSUyRndwLWNvbnRlbnQlMkZ1cGxvYWRzJTJGMjAyMSUyRjAxJTJGZ2FtYnlsX2xvZ28ucG5nIiBkYXRhLXc9IjEiIGRhdGEtaD0iMSIgZGF0YS1iaXA9IiI+PC9zdmc+","og:image:width":400,"og:image:height":400,"article:published_time":"2026-02-04T16:44:58+00:00","article:modified_time":"2026-02-04T17:24:29+00:00","article:publisher":"https:\/\/facebook.com\/realgambyl\/","twitter:card":"summary_large_image","twitter:site":"@realgambyl","twitter:title":"Announcement - Gambyl Sports Betting Exchange","twitter:description":"Completing the International Sports Betting Exchange Chapter As of Thursday, February 5, the Gambyl International Sports Exchange is no longer accessible to players.All existing exchange accounts and balances are being resolved in an orderly and transparent manner. Our support team is actively managing this process and will work directly with affected users to ensure all","twitter:creator":"@realgambyl","twitter:image":"data:image\/svg+xml;base64,PHN2ZyB4bWxucz0iaHR0cDovL3d3dy53My5vcmcvMjAwMC9zdmciIHZpZXdCb3g9IjAgMCAxIDEiIHdpZHRoPSIxIiBoZWlnaHQ9IjEiIGRhdGEtdT0iaHR0cHMlM0ElMkYlMkZuZXcuZ2FtYnlsLmNvbSUyRndwLWNvbnRlbnQlMkZ1cGxvYWRzJTJGMjAyMSUyRjAxJTJGZ2FtYnlsX2xvZ28ucG5nIiBkYXRhLXc9IjEiIGRhdGEtaD0iMSIgZGF0YS1iaXA9IiI+PC9zdmc+"},"aioseo_meta_data":{"post_id":"47508","title":"#post_title #separator_sa #site_title","description":"#post_content","keywords":null,"keyphrases":{"focus":{"keyphrase":"","score":0,"analysis":{"keyphraseInTitle":{"score":0,"maxScore":9,"error":1}}},"additional":[]},"primary_term":null,"canonical_url":null,"og_title":null,"og_description":null,"og_object_type":"default","og_image_type":"default","og_image_url":null,"og_image_width":null,"og_image_height":null,"og_image_custom_url":null,"og_image_custom_fields":null,"og_video":"","og_custom_url":null,"og_article_section":null,"og_article_tags":null,"twitter_use_og":false,"twitter_card":"default","twitter_image_type":"default","twitter_image_url":null,"twitter_image_custom_url":null,"twitter_image_custom_fields":null,"twitter_title":null,"twitter_description":null,"schema":{"blockGraphs":[],"customGraphs":[],"default":{"data":{"Article":[],"Course":[],"Dataset":[],"FAQPage":[],"Movie":[],"Person":[],"Product":[],"ProductReview":[],"Car":[],"Recipe":[],"Service":[],"SoftwareApplication":[],"WebPage":[]},"graphName":"WebPage","isEnabled":true},"graphs":[]},"schema_type":"default","schema_type_options":null,"pillar_content":false,"robots_default":true,"robots_noindex":false,"robots_noarchive":false,"robots_nosnippet":false,"robots_nofollow":false,"robots_noimageindex":false,"robots_noodp":false,"robots_notranslate":false,"robots_max_snippet":"-1","robots_max_videopreview":"-1","robots_max_imagepreview":"large","priority":null,"frequency":"default","local_seo":null,"seo_analyzer_scan_date":null,"breadcrumb_settings":null,"limit_modified_date":0,"reviewed_by":"0","open_ai":null,"ai":{"faqs":[],"keyPoints":[],"titles":[],"descriptions":[],"socialPosts":{"email":[],"linkedin":[],"twitter":[],"facebook":[],"instagram":[]}},"created":"2026-02-04 15:15:12","updated":"2026-02-04 17:24:40"},"aioseo_breadcrumb":"<div class=\"aioseo-breadcrumbs\"><span class=\"aioseo-breadcrumb\">\n\t<a href=\"https:\/\/www.gambyl.com\/pt\/\" title=\"Home\">Home<\/a>\n<\/span><span class=\"aioseo-breadcrumb-separator\">\/<\/span><span class=\"aioseo-breadcrumb\">\n\tAnnouncement\n<\/span><\/div>","aioseo_breadcrumb_json":[{"label":"Home","link":"https:\/\/www.gambyl.com\/pt\/"},{"label":"Announcement","link":"https:\/\/www.gambyl.com\/pt\/anuncio\/"}],"_links":{"self":[{"href":"https:\/\/www.gambyl.com\/pt\/wp-json\/wp\/v2\/pages\/47508","targetHints":{"allow":["GET"]}}],"collection":[{"href":"https:\/\/www.gambyl.com\/pt\/wp-json\/wp\/v2\/pages"}],"about":[{"href":"https:\/\/www.gambyl.com\/pt\/wp-json\/wp\/v2\/types\/page"}],"author":[{"embeddable":true,"href":"https:\/\/www.gambyl.com\/pt\/wp-json\/wp\/v2\/users\/1"}],"replies":[{"embeddable":true,"href":"https:\/\/www.gambyl.com\/pt\/wp-json\/wp\/v2\/comments?post=47508"}],"version-history":[{"count":0,"href":"https:\/\/www.gambyl.com\/pt\/wp-json\/wp\/v2\/pages\/47508\/revisions"}],"wp:attachment":[{"href":"https:\/\/www.gambyl.com\/pt\/wp-json\/wp\/v2\/media?parent=47508"}],"curies":[{"name":"wp","href":"https:\/\/api.w.org\/{rel}","templated":true}]}}